{"id":639,"date":"2023-08-06T19:57:43","date_gmt":"2023-08-06T17:57:43","guid":{"rendered":"https:\/\/pumadelaspampas.com\/?page_id=639"},"modified":"2024-12-22T17:53:46","modified_gmt":"2024-12-22T16:53:46","slug":"proyecto-conservacion-puma-pampas-campo-rural","status":"publish","type":"page","link":"https:\/\/pumadelaspampas.com\/en\/","title":{"rendered":"Home"},"content":{"rendered":"<div class=\"wp-block-media-text alignfull has-media-on-the-right is-stacked-on-mobile has-background\" style=\"background-color:#0e4734\"><div class=\"wp-block-media-text__content\">\n<div id=\"gspb_container-id-gsbp-6dcb162a-ee09\" class=\"gspb_container gspb_container-gsbp-6dcb162a-ee09 wp-block-greenshift-blocks-container\" data-aos=\"fade-up\" data-aos-easing=\"ease\" data-aos-duration=\"1100\">\n<p class=\"has-white-color has-text-color\" style=\"font-size:clamp(41.65px, 2.603rem + ((1vw - 3.2px) * 4.555), 79px);\">Project<\/p>\n<\/div>\n<\/div><figure class=\"wp-block-media-text__media\"><img decoding=\"async\" width=\"1024\" height=\"768\" data-src=\"https:\/\/pumadelaspampas.com\/wp-content\/uploads\/2023\/08\/mia.-sacada-en-pumakawa-en-2022-1024x768.jpg\" alt=\"\" class=\"wp-image-64 size-full lazyload\" data-srcset=\"https:\/\/pumadelaspampas.com\/wp-content\/uploads\/2023\/08\/mia.-sacada-en-pumakawa-en-2022-1024x768.jpg 1024w, https:\/\/pumadelaspampas.com\/wp-content\/uploads\/2023\/08\/mia.-sacada-en-pumakawa-en-2022-scaled-600x450.jpg 600w, https:\/\/pumadelaspampas.com\/wp-content\/uploads\/2023\/08\/mia.-sacada-en-pumakawa-en-2022-300x225.jpg 300w, https:\/\/pumadelaspampas.com\/wp-content\/uploads\/2023\/08\/mia.-sacada-en-pumakawa-en-2022-768x576.jpg 768w, https:\/\/pumadelaspampas.com\/wp-content\/uploads\/2023\/08\/mia.-sacada-en-pumakawa-en-2022-1536x1152.jpg 1536w, https:\/\/pumadelaspampas.com\/wp-content\/uploads\/2023\/08\/mia.-sacada-en-pumakawa-en-2022-2048x1536.jpg 2048w\" data-sizes=\"(max-width: 1024px) 100vw, 1024px\" src=\"data:image\/svg+xml;base64,PHN2ZyB3aWR0aD0iMSIgaGVpZ2h0PSIxIiB4bWxucz0iaHR0cDovL3d3dy53My5vcmcvMjAwMC9zdmciPjwvc3ZnPg==\" style=\"--smush-placeholder-width: 1024px; --smush-placeholder-aspect-ratio: 1024\/768;\" \/><\/figure><\/div>\n\n\n\n<figure class=\"wp-block-gallery has-nested-images columns-default is-cropped wp-block-gallery-1 is-layout-flex wp-block-gallery-is-layout-flex\"><\/figure>","protected":false},"excerpt":{"rendered":"","protected":false},"author":1,"featured_media":125,"parent":0,"menu_order":0,"comment_status":"closed","ping_status":"closed","template":"","meta":{"saved_in_kubio":true,"give_campaign_id":0,"_gspb_post_css":"#gspb_container-id-gsbp-6dcb162a-ee09.gspb_container{position:relative;flex-direction:column;box-sizing:border-box}#gspb_container-id-gsbp-6dcb162a-ee09.gspb_container .gspb_container__content{margin:auto}#gspb_container-id-gsbp-6dcb162a-ee09.gspb_container>p:last-of-type{margin-bottom:0}#gspb_container-id-gsbp-6dcb162a-ee09.gspb_container,#gspb_container-id-gsbp-6dcb162a-ee09.gspb_container .gsap-g-line,#gspb_container-id-gsbp-6dcb162a-ee09.gspb_container .wp-block{text-align:left!important}#gspb_container-id-gsbp-6dcb162a-ee09.gspb_container,#gspb_container-id-gsbp-6dcb162a-ee09.gspb_container .wp-block{font-weight:700!important;color:var(--wp--preset--color--white, #ffffff)}#gspb_container-id-gsbp-6dcb162a-ee09.gspb_container{margin-top:0}@media (max-width:991.98px){#gspb_container-id-gsbp-6dcb162a-ee09.gspb_container{margin-top:undefined}}@media (max-width:767.98px){#gspb_container-id-gsbp-6dcb162a-ee09.gspb_container{margin-top:undefined}}@media (max-width:575.98px){#gspb_container-id-gsbp-6dcb162a-ee09.gspb_container{margin-top:undefined}}#gspb_container-id-gsbp-6dcb162a-ee09.gspb_container{transition-duration:1.1s;transition-timing-function:ease;opacity:0;transition-property:opacity,transform;transform:translate3d(0,60px,0)}#gspb_container-id-gsbp-6dcb162a-ee09.gspb_container.aos-animate,#gspb_container-id-gsbp-6dcb162a-ee09.gspb_container[data-gs-aos]{opacity:1;transform:translateZ(0)}","_monsterinsights_skip_tracking":false,"_monsterinsights_sitenote_active":false,"_monsterinsights_sitenote_note":"","_monsterinsights_sitenote_category":0,"footnotes":""},"class_list":["post-639","page","type-page","status-publish","has-post-thumbnail","hentry"],"kubio_ai_page_context":{"short_desc":"","purpose":"general"},"yoast_head":"<!-- This site is optimized with the Yoast SEO plugin v27.3 - https:\/\/yoast.com\/product\/yoast-seo-wordpress\/ -->\n<title>Puma de las Pampas<\/title>\n<meta name=\"description\" content=\"Conoc\u00e9 el Proyecto Puma de las Pampas, dedicado a la conservaci\u00f3n del puma en la regi\u00f3n pampeana. Descubr\u00ed c\u00f3mo contribuir a la protecci\u00f3n de esta especie emblem\u00e1tica. %\" \/>\n<meta name=\"robots\" content=\"index, follow, max-snippet:-1, max-image-preview:large, max-video-preview:-1\" \/>\n<link rel=\"canonical\" href=\"https:\/\/pumadelaspampas.com\/en\/\" \/>\n<meta property=\"og:locale\" content=\"en_GB\" \/>\n<meta property=\"og:type\" content=\"article\" \/>\n<meta property=\"og:title\" content=\"Proyecto Puma de las Pampas\" \/>\n<meta property=\"og:description\" content=\"Dedicados al estudio y conservaci\u00f3n del puma\u200e en la ecorregi\u00f3n pampeana. Deja tu huella y ayudanos a seguir preservando poblaciones de este magn\u00edfico f\u00e9lido\" \/>\n<meta property=\"og:url\" content=\"https:\/\/pumadelaspampas.com\/en\/\" \/>\n<meta property=\"og:site_name\" content=\"Puma de las Pampas\" \/>\n<meta property=\"article:modified_time\" content=\"2024-12-22T16:53:46+00:00\" \/>\n<meta property=\"og:image\" content=\"https:\/\/pumadelaspampas.com\/wp-content\/uploads\/2023\/10\/material-de-asesoramiento-2-1024x576.png\" \/>\n\t<meta property=\"og:image:width\" content=\"1024\" \/>\n\t<meta property=\"og:image:height\" content=\"576\" \/>\n\t<meta property=\"og:image:type\" content=\"image\/png\" \/>\n<meta name=\"twitter:card\" content=\"summary_large_image\" \/>\n<meta name=\"twitter:label1\" content=\"Estimated reading time\" \/>\n\t<meta name=\"twitter:data1\" content=\"1 minute\" \/>\n<script type=\"application\/ld+json\" class=\"yoast-schema-graph\">{\"@context\":\"https:\\\/\\\/schema.org\",\"@graph\":[{\"@type\":\"WebPage\",\"@id\":\"https:\\\/\\\/pumadelaspampas.com\\\/\",\"url\":\"https:\\\/\\\/pumadelaspampas.com\\\/\",\"name\":\"Puma de las Pampas\",\"isPartOf\":{\"@id\":\"https:\\\/\\\/pumadelaspampas.com\\\/#website\"},\"primaryImageOfPage\":{\"@id\":\"https:\\\/\\\/pumadelaspampas.com\\\/#primaryimage\"},\"image\":{\"@id\":\"https:\\\/\\\/pumadelaspampas.com\\\/#primaryimage\"},\"thumbnailUrl\":\"https:\\\/\\\/pumadelaspampas.com\\\/wp-content\\\/uploads\\\/2023\\\/08\\\/juan-boeris-1.jpeg\",\"datePublished\":\"2023-08-06T17:57:43+00:00\",\"dateModified\":\"2024-12-22T16:53:46+00:00\",\"description\":\"Conoc\u00e9 el Proyecto Puma de las Pampas, dedicado a la conservaci\u00f3n del puma en la regi\u00f3n pampeana. Descubr\u00ed c\u00f3mo contribuir a la protecci\u00f3n de esta especie emblem\u00e1tica. %\",\"breadcrumb\":{\"@id\":\"https:\\\/\\\/pumadelaspampas.com\\\/#breadcrumb\"},\"inLanguage\":\"en-GB\",\"potentialAction\":[{\"@type\":\"ReadAction\",\"target\":[\"https:\\\/\\\/pumadelaspampas.com\\\/\"]}]},{\"@type\":\"ImageObject\",\"inLanguage\":\"en-GB\",\"@id\":\"https:\\\/\\\/pumadelaspampas.com\\\/#primaryimage\",\"url\":\"https:\\\/\\\/pumadelaspampas.com\\\/wp-content\\\/uploads\\\/2023\\\/08\\\/juan-boeris-1.jpeg\",\"contentUrl\":\"https:\\\/\\\/pumadelaspampas.com\\\/wp-content\\\/uploads\\\/2023\\\/08\\\/juan-boeris-1.jpeg\",\"width\":999,\"height\":711},{\"@type\":\"BreadcrumbList\",\"@id\":\"https:\\\/\\\/pumadelaspampas.com\\\/#breadcrumb\",\"itemListElement\":[{\"@type\":\"ListItem\",\"position\":1,\"name\":\"Home\",\"item\":\"https:\\\/\\\/pumadelaspampas.com\\\/\"},{\"@type\":\"ListItem\",\"position\":2,\"name\":\"Inicio\"}]},{\"@type\":\"WebSite\",\"@id\":\"https:\\\/\\\/pumadelaspampas.com\\\/#website\",\"url\":\"https:\\\/\\\/pumadelaspampas.com\\\/\",\"name\":\"Puma de las Pampas\",\"description\":\"Dedicados al estudio y conservaci\u00f3n del puma\u200e en la ecorregi\u00f3n pampeana\",\"publisher\":{\"@id\":\"https:\\\/\\\/pumadelaspampas.com\\\/#organization\"},\"alternateName\":\"Proyecto Puma de las Pampas\",\"potentialAction\":[{\"@type\":\"SearchAction\",\"target\":{\"@type\":\"EntryPoint\",\"urlTemplate\":\"https:\\\/\\\/pumadelaspampas.com\\\/?s={search_term_string}\"},\"query-input\":{\"@type\":\"PropertyValueSpecification\",\"valueRequired\":true,\"valueName\":\"search_term_string\"}}],\"inLanguage\":\"en-GB\"},{\"@type\":\"Organization\",\"@id\":\"https:\\\/\\\/pumadelaspampas.com\\\/#organization\",\"name\":\"Proyecto Puma de las Pampas\",\"url\":\"https:\\\/\\\/pumadelaspampas.com\\\/\",\"logo\":{\"@type\":\"ImageObject\",\"inLanguage\":\"en-GB\",\"@id\":\"https:\\\/\\\/pumadelaspampas.com\\\/#\\\/schema\\\/logo\\\/image\\\/\",\"url\":\"https:\\\/\\\/pumadelaspampas.com\\\/wp-content\\\/uploads\\\/2023\\\/08\\\/cropped-Puma-de-Las-Pampas-8.png\",\"contentUrl\":\"https:\\\/\\\/pumadelaspampas.com\\\/wp-content\\\/uploads\\\/2023\\\/08\\\/cropped-Puma-de-Las-Pampas-8.png\",\"width\":1055,\"height\":1109,\"caption\":\"Proyecto Puma de las Pampas\"},\"image\":{\"@id\":\"https:\\\/\\\/pumadelaspampas.com\\\/#\\\/schema\\\/logo\\\/image\\\/\"},\"sameAs\":[\"https:\\\/\\\/www.instagram.com\\\/pumasyavesdepresa\\\/\",\"https:\\\/\\\/www.tiktok.com\\\/@pumadelaspampas\"]}]}<\/script>\n<!-- \/ Yoast SEO plugin. -->","yoast_head_json":{"title":"Puma de las Pampas","description":"Conoc\u00e9 el Proyecto Puma de las Pampas, dedicado a la conservaci\u00f3n del puma en la regi\u00f3n pampeana. Descubr\u00ed c\u00f3mo contribuir a la protecci\u00f3n de esta especie emblem\u00e1tica. %","robots":{"index":"index","follow":"follow","max-snippet":"max-snippet:-1","max-image-preview":"max-image-preview:large","max-video-preview":"max-video-preview:-1"},"canonical":"https:\/\/pumadelaspampas.com\/en\/","og_locale":"en_GB","og_type":"article","og_title":"Proyecto Puma de las Pampas","og_description":"Dedicados al estudio y conservaci\u00f3n del puma\u200e en la ecorregi\u00f3n pampeana. Deja tu huella y ayudanos a seguir preservando poblaciones de este magn\u00edfico f\u00e9lido","og_url":"https:\/\/pumadelaspampas.com\/en\/","og_site_name":"Puma de las Pampas","article_modified_time":"2024-12-22T16:53:46+00:00","og_image":[{"width":1024,"height":576,"url":"https:\/\/pumadelaspampas.com\/wp-content\/uploads\/2023\/10\/material-de-asesoramiento-2-1024x576.png","type":"image\/png"}],"twitter_card":"summary_large_image","twitter_misc":{"Estimated reading time":"1 minute"},"schema":{"@context":"https:\/\/schema.org","@graph":[{"@type":"WebPage","@id":"https:\/\/pumadelaspampas.com\/","url":"https:\/\/pumadelaspampas.com\/","name":"Puma de las Pampas","isPartOf":{"@id":"https:\/\/pumadelaspampas.com\/#website"},"primaryImageOfPage":{"@id":"https:\/\/pumadelaspampas.com\/#primaryimage"},"image":{"@id":"https:\/\/pumadelaspampas.com\/#primaryimage"},"thumbnailUrl":"https:\/\/pumadelaspampas.com\/wp-content\/uploads\/2023\/08\/juan-boeris-1.jpeg","datePublished":"2023-08-06T17:57:43+00:00","dateModified":"2024-12-22T16:53:46+00:00","description":"Conoc\u00e9 el Proyecto Puma de las Pampas, dedicado a la conservaci\u00f3n del puma en la regi\u00f3n pampeana. Descubr\u00ed c\u00f3mo contribuir a la protecci\u00f3n de esta especie emblem\u00e1tica. %","breadcrumb":{"@id":"https:\/\/pumadelaspampas.com\/#breadcrumb"},"inLanguage":"en-GB","potentialAction":[{"@type":"ReadAction","target":["https:\/\/pumadelaspampas.com\/"]}]},{"@type":"ImageObject","inLanguage":"en-GB","@id":"https:\/\/pumadelaspampas.com\/#primaryimage","url":"https:\/\/pumadelaspampas.com\/wp-content\/uploads\/2023\/08\/juan-boeris-1.jpeg","contentUrl":"https:\/\/pumadelaspampas.com\/wp-content\/uploads\/2023\/08\/juan-boeris-1.jpeg","width":999,"height":711},{"@type":"BreadcrumbList","@id":"https:\/\/pumadelaspampas.com\/#breadcrumb","itemListElement":[{"@type":"ListItem","position":1,"name":"Home","item":"https:\/\/pumadelaspampas.com\/"},{"@type":"ListItem","position":2,"name":"Inicio"}]},{"@type":"WebSite","@id":"https:\/\/pumadelaspampas.com\/#website","url":"https:\/\/pumadelaspampas.com\/","name":"Puma de las Pampas","description":"Dedicated to the study and conservation of the puma in the Pampas ecoregion","publisher":{"@id":"https:\/\/pumadelaspampas.com\/#organization"},"alternateName":"Proyecto Puma de las Pampas","potentialAction":[{"@type":"SearchAction","target":{"@type":"EntryPoint","urlTemplate":"https:\/\/pumadelaspampas.com\/?s={search_term_string}"},"query-input":{"@type":"PropertyValueSpecification","valueRequired":true,"valueName":"search_term_string"}}],"inLanguage":"en-GB"},{"@type":"Organization","@id":"https:\/\/pumadelaspampas.com\/#organization","name":"Puma of the Pampas Project","url":"https:\/\/pumadelaspampas.com\/","logo":{"@type":"ImageObject","inLanguage":"en-GB","@id":"https:\/\/pumadelaspampas.com\/#\/schema\/logo\/image\/","url":"https:\/\/pumadelaspampas.com\/wp-content\/uploads\/2023\/08\/cropped-Puma-de-Las-Pampas-8.png","contentUrl":"https:\/\/pumadelaspampas.com\/wp-content\/uploads\/2023\/08\/cropped-Puma-de-Las-Pampas-8.png","width":1055,"height":1109,"caption":"Proyecto Puma de las Pampas"},"image":{"@id":"https:\/\/pumadelaspampas.com\/#\/schema\/logo\/image\/"},"sameAs":["https:\/\/www.instagram.com\/pumasyavesdepresa\/","https:\/\/www.tiktok.com\/@pumadelaspampas"]}]}},"campaignId":"","jetpack_sharing_enabled":true,"_links":{"self":[{"href":"https:\/\/pumadelaspampas.com\/en\/wp-json\/wp\/v2\/pages\/639","targetHints":{"allow":["GET"]}}],"collection":[{"href":"https:\/\/pumadelaspampas.com\/en\/wp-json\/wp\/v2\/pages"}],"about":[{"href":"https:\/\/pumadelaspampas.com\/en\/wp-json\/wp\/v2\/types\/page"}],"author":[{"embeddable":true,"href":"https:\/\/pumadelaspampas.com\/en\/wp-json\/wp\/v2\/users\/1"}],"replies":[{"embeddable":true,"href":"https:\/\/pumadelaspampas.com\/en\/wp-json\/wp\/v2\/comments?post=639"}],"version-history":[{"count":24,"href":"https:\/\/pumadelaspampas.com\/en\/wp-json\/wp\/v2\/pages\/639\/revisions"}],"predecessor-version":[{"id":1829,"href":"https:\/\/pumadelaspampas.com\/en\/wp-json\/wp\/v2\/pages\/639\/revisions\/1829"}],"wp:featuredmedia":[{"embeddable":true,"href":"https:\/\/pumadelaspampas.com\/en\/wp-json\/wp\/v2\/media\/125"}],"wp:attachment":[{"href":"https:\/\/pumadelaspampas.com\/en\/wp-json\/wp\/v2\/media?parent=639"}],"curies":[{"name":"wp","href":"https:\/\/api.w.org\/{rel}","templated":true}]}}